{"id":6615,"date":"2024-09-13T12:51:18","date_gmt":"2024-09-13T12:51:18","guid":{"rendered":"https:\/\/profitbase.com\/?page_id=6615"},"modified":"2024-11-04T15:20:51","modified_gmt":"2024-11-04T13:20:51","slug":"webinar-fra-regnearkeologisk-budsjettering-til-relevant-styringsinformasjon","status":"publish","type":"page","link":"https:\/\/profitbase.com\/no\/webinar-fra-regnearkeologisk-budsjettering-til-relevant-styringsinformasjon\/","title":{"rendered":"Fra regnearkeologi til relevant styringsinformasjon"},"content":{"rendered":"\t\t<div data-elementor-type=\"wp-page\" data-elementor-id=\"6615\" class=\"elementor elementor-6615\" data-elementor-post-type=\"page\">\n\t\t\t\t<div class=\"elementor-element elementor-element-300376b e-flex e-con-boxed e-con e-parent\" data-id=\"300376b\" data-element_type=\"container\" data-e-type=\"container\" data-settings=\"{&quot;background_background&quot;:&quot;classic&quot;}\">\n\t\t\t\t\t<div class=\"e-con-inner\">\n\t\t<div class=\"elementor-element elementor-element-8831092 e-con-full e-flex e-con e-child\" data-id=\"8831092\" data-element_type=\"container\" data-e-type=\"container\" data-settings=\"{&quot;background_background&quot;:&quot;classic&quot;}\">\n\t\t<div class=\"elementor-element elementor-element-874aad2 e-con-full e-flex e-con e-child\" data-id=\"874aad2\" data-element_type=\"container\" data-e-type=\"container\">\n\t\t\t\t<div class=\"elementor-element elementor-element-7e2edca elementor-position-inline-start elementor-mobile-position-inline-start elementor-view-default elementor-widget elementor-widget-icon-box\" data-id=\"7e2edca\" data-element_type=\"widget\" data-e-type=\"widget\" data-widget_type=\"icon-box.default\">\n\t\t\t\t<div class=\"elementor-widget-container\">\n\t\t\t\t\t\t\t<div class=\"elementor-icon-box-wrapper\">\n\n\t\t\t\t\t\t<div class=\"elementor-icon-box-icon\">\n\t\t\t\t<span  class=\"elementor-icon\">\n\t\t\t\t<svg aria-hidden=\"true\" class=\"e-font-icon-svg e-fas-angle-double-right\" viewBox=\"0 0 448 512\" xmlns=\"http:\/\/www.w3.org\/2000\/svg\"><path d=\"M224.3 273l-136 136c-9.4 9.4-24.6 9.4-33.9 0l-22.6-22.6c-9.4-9.4-9.4-24.6 0-33.9l96.4-96.4-96.4-96.4c-9.4-9.4-9.4-24.6 0-33.9L54.3 103c9.4-9.4 24.6-9.4 33.9 0l136 136c9.5 9.4 9.5 24.6.1 34zm192-34l-136-136c-9.4-9.4-24.6-9.4-33.9 0l-22.6 22.6c-9.4 9.4-9.4 24.6 0 33.9l96.4 96.4-96.4 96.4c-9.4 9.4-9.4 24.6 0 33.9l22.6 22.6c9.4 9.4 24.6 9.4 33.9 0l136-136c9.4-9.2 9.4-24.4 0-33.8z\"><\/path><\/svg>\t\t\t\t<\/span>\n\t\t\t<\/div>\n\t\t\t\n\t\t\t\t\t\t<div class=\"elementor-icon-box-content\">\n\n\t\t\t\t\t\t\t\t\t<h1 class=\"elementor-icon-box-title\">\n\t\t\t\t\t\t<span  >\n\t\t\t\t\t\t\tWebinar-opptak:\t\t\t\t\t\t<\/span>\n\t\t\t\t\t<\/h1>\n\t\t\t\t\n\t\t\t\t\n\t\t\t<\/div>\n\t\t\t\n\t\t<\/div>\n\t\t\t\t\t\t<\/div>\n\t\t\t\t<\/div>\n\t\t\t\t<div class=\"elementor-element elementor-element-ed7db5b elementor-widget-mobile__width-initial elementor-widget elementor-widget-heading\" data-id=\"ed7db5b\" data-element_type=\"widget\" data-e-type=\"widget\" data-widget_type=\"heading.default\">\n\t\t\t\t<div class=\"elementor-widget-container\">\n\t\t\t\t\t<h2 class=\"elementor-heading-title elementor-size-default\">Fra regnearkeologi <b>til relevant styringsinformasjon<\/b><\/h2>\t\t\t\t<\/div>\n\t\t\t\t<\/div>\n\t\t\t\t<div class=\"elementor-element elementor-element-899e422 elementor-widget elementor-widget-text-editor\" data-id=\"899e422\" data-element_type=\"widget\" data-e-type=\"widget\" data-widget_type=\"text-editor.default\">\n\t\t\t\t<div class=\"elementor-widget-container\">\n\t\t\t\t\t\t\t\t\t<p><span style=\"color: var( --e-global-color-text ); text-align: var(--text-align);\">F\u00e5 nye perspektiv p\u00e5 hvordan du kan harmonisere prosesser og teknologi.&nbsp;<\/span><\/p><p><span style=\"color: var( --e-global-color-text ); text-align: var(--text-align);\">I opptaket utfordrer vi blant annetden fragmenterte tiln\u00e6rmingen til langtidsplaner, budsjetter og rapportering. Som alternativ viser vi hvordan prosesser og teknologi kan integreres for \u00e5 st\u00f8tte bedre beslutningsprosesser p\u00e5 tvers av hele organisasjonen.<\/span><\/p>\t\t\t\t\t\t\t\t<\/div>\n\t\t\t\t<\/div>\n\t\t\t\t<\/div>\n\t\t<div class=\"elementor-element elementor-element-483c872 e-con-full e-flex e-con e-child\" data-id=\"483c872\" data-element_type=\"container\" data-e-type=\"container\" data-settings=\"{&quot;background_background&quot;:&quot;classic&quot;}\">\n\t\t\t\t<div class=\"elementor-element elementor-element-89a245c elementor-widget elementor-widget-video\" data-id=\"89a245c\" data-element_type=\"widget\" data-e-type=\"widget\" data-settings=\"{&quot;youtube_url&quot;:&quot;https:\\\/\\\/youtu.be\\\/dBKrQgwpyJY&quot;,&quot;video_type&quot;:&quot;youtube&quot;,&quot;controls&quot;:&quot;yes&quot;}\" data-widget_type=\"video.default\">\n\t\t\t\t<div class=\"elementor-widget-container\">\n\t\t\t\t\t\t\t<div class=\"elementor-wrapper elementor-open-inline\">\n\t\t\t<div class=\"elementor-video\"><\/div>\t\t<\/div>\n\t\t\t\t\t\t<\/div>\n\t\t\t\t<\/div>\n\t\t\t\t<\/div>\n\t\t<div class=\"elementor-element elementor-element-d66bbe8 e-con-full e-flex e-con e-child\" data-id=\"d66bbe8\" data-element_type=\"container\" data-e-type=\"container\" data-settings=\"{&quot;background_background&quot;:&quot;gradient&quot;,&quot;position&quot;:&quot;absolute&quot;}\">\n\t\t\t\t<\/div>\n\t\t\t\t<\/div>\n\t\t\t\t\t<\/div>\n\t\t\t\t<\/div>\n\t\t\t\t<\/div>\n\t\t","protected":false},"excerpt":{"rendered":"<p>Webinar-opptak: Fra regnearkeologi til relevant styringsinformasjon F\u00e5 nye perspektiv p\u00e5 hvordan du kan harmonisere prosesser og teknologi.&nbsp; I opptaket utfordrer vi blant annetden fragmenterte tiln\u00e6rmingen til langtidsplaner, budsjetter og rapportering. Som alternativ viser vi hvordan prosesser og teknologi kan integreres for \u00e5 st\u00f8tte bedre beslutningsprosesser p\u00e5 tvers av hele organisasjonen. https:\/\/youtu.be\/dBKrQgwpyJY<\/p>\n","protected":false},"author":3,"featured_media":0,"parent":0,"menu_order":0,"comment_status":"closed","ping_status":"closed","template":"","meta":{"_acf_changed":false,"content-type":"","footnotes":""},"class_list":["post-6615","page","type-page","status-publish","hentry"],"acf":[],"yoast_head":"<!-- This site is optimized with the Yoast SEO plugin v27.3 - https:\/\/yoast.com\/product\/yoast-seo-wordpress\/ -->\n<title>Fra regnearkeologi til relevant styringsinformasjon - Profitbase<\/title>\n<meta name=\"robots\" content=\"index, follow, max-snippet:-1, max-image-preview:large, max-video-preview:-1\" \/>\n<link rel=\"canonical\" href=\"https:\/\/profitbase.com\/no\/webinar-fra-regnearkeologisk-budsjettering-til-relevant-styringsinformasjon\/\" \/>\n<meta property=\"og:locale\" content=\"nb_NO\" \/>\n<meta property=\"og:type\" content=\"article\" \/>\n<meta property=\"og:title\" content=\"Fra regnearkeologi til relevant styringsinformasjon - Profitbase\" \/>\n<meta property=\"og:description\" content=\"Webinar-opptak: Fra regnearkeologi til relevant styringsinformasjon F\u00e5 nye perspektiv p\u00e5 hvordan du kan harmonisere prosesser og teknologi.&nbsp; I opptaket utfordrer vi blant annetden fragmenterte tiln\u00e6rmingen til langtidsplaner, budsjetter og rapportering. Som alternativ viser vi hvordan prosesser og teknologi kan integreres for \u00e5 st\u00f8tte bedre beslutningsprosesser p\u00e5 tvers av hele organisasjonen. https:\/\/youtu.be\/dBKrQgwpyJY\" \/>\n<meta property=\"og:url\" content=\"https:\/\/profitbase.com\/no\/webinar-fra-regnearkeologisk-budsjettering-til-relevant-styringsinformasjon\/\" \/>\n<meta property=\"og:site_name\" content=\"Profitbase\" \/>\n<meta property=\"article:modified_time\" content=\"2024-11-04T13:20:51+00:00\" \/>\n<meta property=\"og:image\" content=\"https:\/\/profitbase.com\/wp-content\/uploads\/2024\/08\/profitbase-home.jpg\" \/>\n\t<meta property=\"og:image:width\" content=\"1200\" \/>\n\t<meta property=\"og:image:height\" content=\"675\" \/>\n\t<meta property=\"og:image:type\" content=\"image\/jpeg\" \/>\n<meta name=\"twitter:card\" content=\"summary_large_image\" \/>\n<meta name=\"twitter:label1\" content=\"Ansl. lesetid\" \/>\n\t<meta name=\"twitter:data1\" content=\"1 minutt\" \/>\n<script type=\"application\/ld+json\" class=\"yoast-schema-graph\">{\"@context\":\"https:\\\/\\\/schema.org\",\"@graph\":[{\"@type\":\"WebPage\",\"@id\":\"https:\\\/\\\/profitbase.com\\\/no\\\/webinar-fra-regnearkeologisk-budsjettering-til-relevant-styringsinformasjon\\\/\",\"url\":\"https:\\\/\\\/profitbase.com\\\/no\\\/webinar-fra-regnearkeologisk-budsjettering-til-relevant-styringsinformasjon\\\/\",\"name\":\"Fra regnearkeologi til relevant styringsinformasjon - Profitbase\",\"isPartOf\":{\"@id\":\"https:\\\/\\\/profitbase.com\\\/#website\"},\"datePublished\":\"2024-09-13T12:51:18+00:00\",\"dateModified\":\"2024-11-04T13:20:51+00:00\",\"breadcrumb\":{\"@id\":\"https:\\\/\\\/profitbase.com\\\/no\\\/webinar-fra-regnearkeologisk-budsjettering-til-relevant-styringsinformasjon\\\/#breadcrumb\"},\"inLanguage\":\"nb-NO\",\"potentialAction\":[{\"@type\":\"ReadAction\",\"target\":[\"https:\\\/\\\/profitbase.com\\\/no\\\/webinar-fra-regnearkeologisk-budsjettering-til-relevant-styringsinformasjon\\\/\"]}]},{\"@type\":\"BreadcrumbList\",\"@id\":\"https:\\\/\\\/profitbase.com\\\/no\\\/webinar-fra-regnearkeologisk-budsjettering-til-relevant-styringsinformasjon\\\/#breadcrumb\",\"itemListElement\":[{\"@type\":\"ListItem\",\"position\":1,\"name\":\"Home\",\"item\":\"https:\\\/\\\/profitbase.com\\\/\"},{\"@type\":\"ListItem\",\"position\":2,\"name\":\"Fra regnearkeologi til relevant styringsinformasjon\"}]},{\"@type\":\"WebSite\",\"@id\":\"https:\\\/\\\/profitbase.com\\\/#website\",\"url\":\"https:\\\/\\\/profitbase.com\\\/\",\"name\":\"Profitbase\",\"description\":\"Spend less time in spreadsheets\",\"publisher\":{\"@id\":\"https:\\\/\\\/profitbase.com\\\/#organization\"},\"potentialAction\":[{\"@type\":\"SearchAction\",\"target\":{\"@type\":\"EntryPoint\",\"urlTemplate\":\"https:\\\/\\\/profitbase.com\\\/?s={search_term_string}\"},\"query-input\":{\"@type\":\"PropertyValueSpecification\",\"valueRequired\":true,\"valueName\":\"search_term_string\"}}],\"inLanguage\":\"nb-NO\"},{\"@type\":\"Organization\",\"@id\":\"https:\\\/\\\/profitbase.com\\\/#organization\",\"name\":\"Profitbase\",\"url\":\"https:\\\/\\\/profitbase.com\\\/\",\"logo\":{\"@type\":\"ImageObject\",\"inLanguage\":\"nb-NO\",\"@id\":\"https:\\\/\\\/profitbase.com\\\/#\\\/schema\\\/logo\\\/image\\\/\",\"url\":\"https:\\\/\\\/profitbase.com\\\/wp-content\\\/uploads\\\/2024\\\/04\\\/ProfitbaseHypergeneLogo.png\",\"contentUrl\":\"https:\\\/\\\/profitbase.com\\\/wp-content\\\/uploads\\\/2024\\\/04\\\/ProfitbaseHypergeneLogo.png\",\"width\":180,\"height\":43,\"caption\":\"Profitbase\"},\"image\":{\"@id\":\"https:\\\/\\\/profitbase.com\\\/#\\\/schema\\\/logo\\\/image\\\/\"},\"sameAs\":[\"https:\\\/\\\/www.linkedin.com\\\/company\\\/profitbase-as\\\/\"]}]}<\/script>\n<!-- \/ Yoast SEO plugin. -->","yoast_head_json":{"title":"Fra regnearkeologi til relevant styringsinformasjon - Profitbase","robots":{"index":"index","follow":"follow","max-snippet":"max-snippet:-1","max-image-preview":"max-image-preview:large","max-video-preview":"max-video-preview:-1"},"canonical":"https:\/\/profitbase.com\/no\/webinar-fra-regnearkeologisk-budsjettering-til-relevant-styringsinformasjon\/","og_locale":"nb_NO","og_type":"article","og_title":"Fra regnearkeologi til relevant styringsinformasjon - Profitbase","og_description":"Webinar-opptak: Fra regnearkeologi til relevant styringsinformasjon F\u00e5 nye perspektiv p\u00e5 hvordan du kan harmonisere prosesser og teknologi.&nbsp; I opptaket utfordrer vi blant annetden fragmenterte tiln\u00e6rmingen til langtidsplaner, budsjetter og rapportering. Som alternativ viser vi hvordan prosesser og teknologi kan integreres for \u00e5 st\u00f8tte bedre beslutningsprosesser p\u00e5 tvers av hele organisasjonen. https:\/\/youtu.be\/dBKrQgwpyJY","og_url":"https:\/\/profitbase.com\/no\/webinar-fra-regnearkeologisk-budsjettering-til-relevant-styringsinformasjon\/","og_site_name":"Profitbase","article_modified_time":"2024-11-04T13:20:51+00:00","og_image":[{"width":1200,"height":675,"url":"https:\/\/profitbase.com\/wp-content\/uploads\/2024\/08\/profitbase-home.jpg","type":"image\/jpeg"}],"twitter_card":"summary_large_image","twitter_misc":{"Ansl. lesetid":"1 minutt"},"schema":{"@context":"https:\/\/schema.org","@graph":[{"@type":"WebPage","@id":"https:\/\/profitbase.com\/no\/webinar-fra-regnearkeologisk-budsjettering-til-relevant-styringsinformasjon\/","url":"https:\/\/profitbase.com\/no\/webinar-fra-regnearkeologisk-budsjettering-til-relevant-styringsinformasjon\/","name":"Fra regnearkeologi til relevant styringsinformasjon - Profitbase","isPartOf":{"@id":"https:\/\/profitbase.com\/#website"},"datePublished":"2024-09-13T12:51:18+00:00","dateModified":"2024-11-04T13:20:51+00:00","breadcrumb":{"@id":"https:\/\/profitbase.com\/no\/webinar-fra-regnearkeologisk-budsjettering-til-relevant-styringsinformasjon\/#breadcrumb"},"inLanguage":"nb-NO","potentialAction":[{"@type":"ReadAction","target":["https:\/\/profitbase.com\/no\/webinar-fra-regnearkeologisk-budsjettering-til-relevant-styringsinformasjon\/"]}]},{"@type":"BreadcrumbList","@id":"https:\/\/profitbase.com\/no\/webinar-fra-regnearkeologisk-budsjettering-til-relevant-styringsinformasjon\/#breadcrumb","itemListElement":[{"@type":"ListItem","position":1,"name":"Home","item":"https:\/\/profitbase.com\/"},{"@type":"ListItem","position":2,"name":"Fra regnearkeologi til relevant styringsinformasjon"}]},{"@type":"WebSite","@id":"https:\/\/profitbase.com\/#website","url":"https:\/\/profitbase.com\/","name":"Profitbase","description":"Spend less time in spreadsheets","publisher":{"@id":"https:\/\/profitbase.com\/#organization"},"potentialAction":[{"@type":"SearchAction","target":{"@type":"EntryPoint","urlTemplate":"https:\/\/profitbase.com\/?s={search_term_string}"},"query-input":{"@type":"PropertyValueSpecification","valueRequired":true,"valueName":"search_term_string"}}],"inLanguage":"nb-NO"},{"@type":"Organization","@id":"https:\/\/profitbase.com\/#organization","name":"Profitbase","url":"https:\/\/profitbase.com\/","logo":{"@type":"ImageObject","inLanguage":"nb-NO","@id":"https:\/\/profitbase.com\/#\/schema\/logo\/image\/","url":"https:\/\/profitbase.com\/wp-content\/uploads\/2024\/04\/ProfitbaseHypergeneLogo.png","contentUrl":"https:\/\/profitbase.com\/wp-content\/uploads\/2024\/04\/ProfitbaseHypergeneLogo.png","width":180,"height":43,"caption":"Profitbase"},"image":{"@id":"https:\/\/profitbase.com\/#\/schema\/logo\/image\/"},"sameAs":["https:\/\/www.linkedin.com\/company\/profitbase-as\/"]}]}},"_links":{"self":[{"href":"https:\/\/profitbase.com\/no\/wp-json\/wp\/v2\/pages\/6615","targetHints":{"allow":["GET"]}}],"collection":[{"href":"https:\/\/profitbase.com\/no\/wp-json\/wp\/v2\/pages"}],"about":[{"href":"https:\/\/profitbase.com\/no\/wp-json\/wp\/v2\/types\/page"}],"author":[{"embeddable":true,"href":"https:\/\/profitbase.com\/no\/wp-json\/wp\/v2\/users\/3"}],"replies":[{"embeddable":true,"href":"https:\/\/profitbase.com\/no\/wp-json\/wp\/v2\/comments?post=6615"}],"version-history":[{"count":0,"href":"https:\/\/profitbase.com\/no\/wp-json\/wp\/v2\/pages\/6615\/revisions"}],"wp:attachment":[{"href":"https:\/\/profitbase.com\/no\/wp-json\/wp\/v2\/media?parent=6615"}],"curies":[{"name":"wp","href":"https:\/\/api.w.org\/{rel}","templated":true}]}}