{"id":6183,"date":"2024-08-14T10:03:40","date_gmt":"2024-08-14T10:03:40","guid":{"rendered":"https:\/\/profitbase.com\/?page_id=6183"},"modified":"2024-09-23T11:37:28","modified_gmt":"2024-09-23T11:37:28","slug":"help-and-support","status":"publish","type":"page","link":"https:\/\/profitbase.com\/no\/help-and-support\/","title":{"rendered":"Hjelp og support"},"content":{"rendered":"\t\t<div data-elementor-type=\"wp-page\" data-elementor-id=\"6183\" class=\"elementor elementor-6183\" data-elementor-post-type=\"page\">\n\t\t\t\t<div class=\"elementor-element elementor-element-3c4c4da e-flex e-con-boxed e-con e-parent\" data-id=\"3c4c4da\" data-element_type=\"container\" data-e-type=\"container\">\n\t\t\t\t\t<div class=\"e-con-inner\">\n\t\t\t\t<div class=\"elementor-element elementor-element-6e7a848 elementor-widget elementor-widget-spacer\" data-id=\"6e7a848\" data-element_type=\"widget\" data-e-type=\"widget\" data-widget_type=\"spacer.default\">\n\t\t\t\t<div class=\"elementor-widget-container\">\n\t\t\t\t\t\t\t<div class=\"elementor-spacer\">\n\t\t\t<div class=\"elementor-spacer-inner\"><\/div>\n\t\t<\/div>\n\t\t\t\t\t\t<\/div>\n\t\t\t\t<\/div>\n\t\t\t\t\t<\/div>\n\t\t\t\t<\/div>\n\t\t<div class=\"elementor-element elementor-element-eac4e30 e-flex e-con-boxed e-con e-parent\" data-id=\"eac4e30\" data-element_type=\"container\" data-e-type=\"container\">\n\t\t\t\t\t<div class=\"e-con-inner\">\n\t\t<div class=\"elementor-element elementor-element-69faf05 e-con-full e-flex e-con e-child\" data-id=\"69faf05\" data-element_type=\"container\" data-e-type=\"container\">\n\t\t\t\t<div class=\"elementor-element elementor-element-f9f066f elementor-widget elementor-widget-heading\" data-id=\"f9f066f\" data-element_type=\"widget\" data-e-type=\"widget\" data-widget_type=\"heading.default\">\n\t\t\t\t<div class=\"elementor-widget-container\">\n\t\t\t\t\t<h1 class=\"elementor-heading-title elementor-size-default\">Trenger du hjelp?<\/h1>\t\t\t\t<\/div>\n\t\t\t\t<\/div>\n\t\t\t\t<div class=\"elementor-element elementor-element-579f664 elementor-widget elementor-widget-text-editor\" data-id=\"579f664\" data-element_type=\"widget\" data-e-type=\"widget\" data-widget_type=\"text-editor.default\">\n\t\t\t\t<div class=\"elementor-widget-container\">\n\t\t\t\t\t\t\t\t\t<p>Fyll ut skjemaet nedenfor, s\u00e5 tar v\u00e5rt supportteam kontakt med deg s\u00e5 snart som mulig. Alternativt kan du bruke <strong><a href=\"mailto:servicedesk@profitbase.no\">servicedesk@profitbase.no<\/a>.<\/strong><\/p>\t\t\t\t\t\t\t\t<\/div>\n\t\t\t\t<\/div>\n\t\t\t\t<div class=\"elementor-element elementor-element-e782273 elementor-widget elementor-widget-html\" data-id=\"e782273\" data-element_type=\"widget\" data-e-type=\"widget\" data-widget_type=\"html.default\">\n\t\t\t\t<div class=\"elementor-widget-container\">\n\t\t\t\t\t<script charset=\"utf-8\" type=\"text\/javascript\" src=\"\/\/js-eu1.hsforms.net\/forms\/embed\/v2.js\"><\/script>\r\n<script>\r\n  hbspt.forms.create({\r\n    region: \"eu1\",\r\n    portalId: \"25956115\",\r\n    formId: \"90292871-c56c-432a-a6f7-ab5efa922533\"\r\n  });\r\n<\/script>\t\t\t\t<\/div>\n\t\t\t\t<\/div>\n\t\t\t\t<\/div>\n\t\t<div class=\"elementor-element elementor-element-825777c e-con-full e-flex e-con e-child\" data-id=\"825777c\" data-element_type=\"container\" data-e-type=\"container\">\n\t\t\t\t<div class=\"elementor-element elementor-element-a577dd8 elementor-widget elementor-widget-image\" data-id=\"a577dd8\" data-element_type=\"widget\" data-e-type=\"widget\" data-widget_type=\"image.default\">\n\t\t\t\t<div class=\"elementor-widget-container\">\n\t\t\t\t\t\t\t\t\t\t\t\t\t\t\t<img fetchpriority=\"high\" decoding=\"async\" width=\"640\" height=\"584\" src=\"https:\/\/profitbase.com\/wp-content\/uploads\/2024\/08\/profitbase-help-and-support.jpg\" class=\"attachment-large size-large wp-image-6186\" alt=\"\" srcset=\"https:\/\/profitbase.com\/wp-content\/uploads\/2024\/08\/profitbase-help-and-support.jpg 850w, https:\/\/profitbase.com\/wp-content\/uploads\/2024\/08\/profitbase-help-and-support-300x274.jpg 300w, https:\/\/profitbase.com\/wp-content\/uploads\/2024\/08\/profitbase-help-and-support-768x701.jpg 768w, https:\/\/profitbase.com\/wp-content\/uploads\/2024\/08\/profitbase-help-and-support-35x32.jpg 35w, https:\/\/profitbase.com\/wp-content\/uploads\/2024\/08\/profitbase-help-and-support-385x351.jpg 385w\" sizes=\"(max-width: 640px) 100vw, 640px\" \/>\t\t\t\t\t\t\t\t\t\t\t\t\t\t\t<\/div>\n\t\t\t\t<\/div>\n\t\t\t\t<\/div>\n\t\t\t\t\t<\/div>\n\t\t\t\t<\/div>\n\t\t\t\t<\/div>\n\t\t","protected":false},"excerpt":{"rendered":"<p>Trenger du hjelp? Fyll ut skjemaet nedenfor, s\u00e5 tar v\u00e5rt supportteam kontakt med deg s\u00e5 snart som mulig. Alternativt kan du bruke servicedesk@profitbase.no.<\/p>\n","protected":false},"author":3,"featured_media":0,"parent":0,"menu_order":0,"comment_status":"closed","ping_status":"closed","template":"","meta":{"_acf_changed":false,"content-type":"","footnotes":""},"class_list":["post-6183","page","type-page","status-publish","hentry"],"acf":[],"yoast_head":"<!-- This site is optimized with the Yoast SEO plugin v27.4 - https:\/\/yoast.com\/product\/yoast-seo-wordpress\/ -->\n<title>Hjelp og support - Profitbase<\/title>\n<meta name=\"robots\" content=\"index, follow, max-snippet:-1, max-image-preview:large, max-video-preview:-1\" \/>\n<link rel=\"canonical\" href=\"https:\/\/profitbase.com\/no\/help-and-support\/\" \/>\n<meta property=\"og:locale\" content=\"nb_NO\" \/>\n<meta property=\"og:type\" content=\"article\" \/>\n<meta property=\"og:title\" content=\"Hjelp og support - Profitbase\" \/>\n<meta property=\"og:description\" content=\"Trenger du hjelp? Fyll ut skjemaet nedenfor, s\u00e5 tar v\u00e5rt supportteam kontakt med deg s\u00e5 snart som mulig. Alternativt kan du bruke servicedesk@profitbase.no.\" \/>\n<meta property=\"og:url\" content=\"https:\/\/profitbase.com\/no\/help-and-support\/\" \/>\n<meta property=\"og:site_name\" content=\"Profitbase\" \/>\n<meta property=\"article:modified_time\" content=\"2024-09-23T11:37:28+00:00\" \/>\n<meta property=\"og:image\" content=\"https:\/\/profitbase.com\/wp-content\/uploads\/2024\/08\/profitbase-help-and-support.jpg\" \/>\n<meta name=\"twitter:card\" content=\"summary_large_image\" \/>\n<meta name=\"twitter:label1\" content=\"Ansl. lesetid\" \/>\n\t<meta name=\"twitter:data1\" content=\"1 minutt\" \/>\n<script type=\"application\/ld+json\" class=\"yoast-schema-graph\">{\"@context\":\"https:\\\/\\\/schema.org\",\"@graph\":[{\"@type\":\"WebPage\",\"@id\":\"https:\\\/\\\/profitbase.com\\\/no\\\/help-and-support\\\/\",\"url\":\"https:\\\/\\\/profitbase.com\\\/no\\\/help-and-support\\\/\",\"name\":\"Hjelp og support - Profitbase\",\"isPartOf\":{\"@id\":\"https:\\\/\\\/profitbase.com\\\/#website\"},\"primaryImageOfPage\":{\"@id\":\"https:\\\/\\\/profitbase.com\\\/no\\\/help-and-support\\\/#primaryimage\"},\"image\":{\"@id\":\"https:\\\/\\\/profitbase.com\\\/no\\\/help-and-support\\\/#primaryimage\"},\"thumbnailUrl\":\"https:\\\/\\\/profitbase.com\\\/wp-content\\\/uploads\\\/2024\\\/08\\\/profitbase-help-and-support.jpg\",\"datePublished\":\"2024-08-14T10:03:40+00:00\",\"dateModified\":\"2024-09-23T11:37:28+00:00\",\"breadcrumb\":{\"@id\":\"https:\\\/\\\/profitbase.com\\\/no\\\/help-and-support\\\/#breadcrumb\"},\"inLanguage\":\"nb-NO\",\"potentialAction\":[{\"@type\":\"ReadAction\",\"target\":[\"https:\\\/\\\/profitbase.com\\\/no\\\/help-and-support\\\/\"]}]},{\"@type\":\"ImageObject\",\"inLanguage\":\"nb-NO\",\"@id\":\"https:\\\/\\\/profitbase.com\\\/no\\\/help-and-support\\\/#primaryimage\",\"url\":\"https:\\\/\\\/profitbase.com\\\/wp-content\\\/uploads\\\/2024\\\/08\\\/profitbase-help-and-support.jpg\",\"contentUrl\":\"https:\\\/\\\/profitbase.com\\\/wp-content\\\/uploads\\\/2024\\\/08\\\/profitbase-help-and-support.jpg\"},{\"@type\":\"BreadcrumbList\",\"@id\":\"https:\\\/\\\/profitbase.com\\\/no\\\/help-and-support\\\/#breadcrumb\",\"itemListElement\":[{\"@type\":\"ListItem\",\"position\":1,\"name\":\"Home\",\"item\":\"https:\\\/\\\/profitbase.com\\\/\"},{\"@type\":\"ListItem\",\"position\":2,\"name\":\"Hjelp og support\"}]},{\"@type\":\"WebSite\",\"@id\":\"https:\\\/\\\/profitbase.com\\\/#website\",\"url\":\"https:\\\/\\\/profitbase.com\\\/\",\"name\":\"Profitbase\",\"description\":\"Spend less time in spreadsheets\",\"publisher\":{\"@id\":\"https:\\\/\\\/profitbase.com\\\/#organization\"},\"potentialAction\":[{\"@type\":\"SearchAction\",\"target\":{\"@type\":\"EntryPoint\",\"urlTemplate\":\"https:\\\/\\\/profitbase.com\\\/?s={search_term_string}\"},\"query-input\":{\"@type\":\"PropertyValueSpecification\",\"valueRequired\":true,\"valueName\":\"search_term_string\"}}],\"inLanguage\":\"nb-NO\"},{\"@type\":\"Organization\",\"@id\":\"https:\\\/\\\/profitbase.com\\\/#organization\",\"name\":\"Profitbase\",\"url\":\"https:\\\/\\\/profitbase.com\\\/\",\"logo\":{\"@type\":\"ImageObject\",\"inLanguage\":\"nb-NO\",\"@id\":\"https:\\\/\\\/profitbase.com\\\/#\\\/schema\\\/logo\\\/image\\\/\",\"url\":\"https:\\\/\\\/profitbase.com\\\/wp-content\\\/uploads\\\/2024\\\/04\\\/ProfitbaseHypergeneLogo.png\",\"contentUrl\":\"https:\\\/\\\/profitbase.com\\\/wp-content\\\/uploads\\\/2024\\\/04\\\/ProfitbaseHypergeneLogo.png\",\"width\":180,\"height\":43,\"caption\":\"Profitbase\"},\"image\":{\"@id\":\"https:\\\/\\\/profitbase.com\\\/#\\\/schema\\\/logo\\\/image\\\/\"},\"sameAs\":[\"https:\\\/\\\/www.linkedin.com\\\/company\\\/profitbase-as\\\/\"]}]}<\/script>\n<!-- \/ Yoast SEO plugin. -->","yoast_head_json":{"title":"Hjelp og support - Profitbase","robots":{"index":"index","follow":"follow","max-snippet":"max-snippet:-1","max-image-preview":"max-image-preview:large","max-video-preview":"max-video-preview:-1"},"canonical":"https:\/\/profitbase.com\/no\/help-and-support\/","og_locale":"nb_NO","og_type":"article","og_title":"Hjelp og support - Profitbase","og_description":"Trenger du hjelp? Fyll ut skjemaet nedenfor, s\u00e5 tar v\u00e5rt supportteam kontakt med deg s\u00e5 snart som mulig. Alternativt kan du bruke servicedesk@profitbase.no.","og_url":"https:\/\/profitbase.com\/no\/help-and-support\/","og_site_name":"Profitbase","article_modified_time":"2024-09-23T11:37:28+00:00","og_image":[{"url":"https:\/\/profitbase.com\/wp-content\/uploads\/2024\/08\/profitbase-help-and-support.jpg","type":"","width":"","height":""}],"twitter_card":"summary_large_image","twitter_misc":{"Ansl. lesetid":"1 minutt"},"schema":{"@context":"https:\/\/schema.org","@graph":[{"@type":"WebPage","@id":"https:\/\/profitbase.com\/no\/help-and-support\/","url":"https:\/\/profitbase.com\/no\/help-and-support\/","name":"Hjelp og support - Profitbase","isPartOf":{"@id":"https:\/\/profitbase.com\/#website"},"primaryImageOfPage":{"@id":"https:\/\/profitbase.com\/no\/help-and-support\/#primaryimage"},"image":{"@id":"https:\/\/profitbase.com\/no\/help-and-support\/#primaryimage"},"thumbnailUrl":"https:\/\/profitbase.com\/wp-content\/uploads\/2024\/08\/profitbase-help-and-support.jpg","datePublished":"2024-08-14T10:03:40+00:00","dateModified":"2024-09-23T11:37:28+00:00","breadcrumb":{"@id":"https:\/\/profitbase.com\/no\/help-and-support\/#breadcrumb"},"inLanguage":"nb-NO","potentialAction":[{"@type":"ReadAction","target":["https:\/\/profitbase.com\/no\/help-and-support\/"]}]},{"@type":"ImageObject","inLanguage":"nb-NO","@id":"https:\/\/profitbase.com\/no\/help-and-support\/#primaryimage","url":"https:\/\/profitbase.com\/wp-content\/uploads\/2024\/08\/profitbase-help-and-support.jpg","contentUrl":"https:\/\/profitbase.com\/wp-content\/uploads\/2024\/08\/profitbase-help-and-support.jpg"},{"@type":"BreadcrumbList","@id":"https:\/\/profitbase.com\/no\/help-and-support\/#breadcrumb","itemListElement":[{"@type":"ListItem","position":1,"name":"Home","item":"https:\/\/profitbase.com\/"},{"@type":"ListItem","position":2,"name":"Hjelp og support"}]},{"@type":"WebSite","@id":"https:\/\/profitbase.com\/#website","url":"https:\/\/profitbase.com\/","name":"Profitbase","description":"Spend less time in spreadsheets","publisher":{"@id":"https:\/\/profitbase.com\/#organization"},"potentialAction":[{"@type":"SearchAction","target":{"@type":"EntryPoint","urlTemplate":"https:\/\/profitbase.com\/?s={search_term_string}"},"query-input":{"@type":"PropertyValueSpecification","valueRequired":true,"valueName":"search_term_string"}}],"inLanguage":"nb-NO"},{"@type":"Organization","@id":"https:\/\/profitbase.com\/#organization","name":"Profitbase","url":"https:\/\/profitbase.com\/","logo":{"@type":"ImageObject","inLanguage":"nb-NO","@id":"https:\/\/profitbase.com\/#\/schema\/logo\/image\/","url":"https:\/\/profitbase.com\/wp-content\/uploads\/2024\/04\/ProfitbaseHypergeneLogo.png","contentUrl":"https:\/\/profitbase.com\/wp-content\/uploads\/2024\/04\/ProfitbaseHypergeneLogo.png","width":180,"height":43,"caption":"Profitbase"},"image":{"@id":"https:\/\/profitbase.com\/#\/schema\/logo\/image\/"},"sameAs":["https:\/\/www.linkedin.com\/company\/profitbase-as\/"]}]}},"_links":{"self":[{"href":"https:\/\/profitbase.com\/no\/wp-json\/wp\/v2\/pages\/6183","targetHints":{"allow":["GET"]}}],"collection":[{"href":"https:\/\/profitbase.com\/no\/wp-json\/wp\/v2\/pages"}],"about":[{"href":"https:\/\/profitbase.com\/no\/wp-json\/wp\/v2\/types\/page"}],"author":[{"embeddable":true,"href":"https:\/\/profitbase.com\/no\/wp-json\/wp\/v2\/users\/3"}],"replies":[{"embeddable":true,"href":"https:\/\/profitbase.com\/no\/wp-json\/wp\/v2\/comments?post=6183"}],"version-history":[{"count":0,"href":"https:\/\/profitbase.com\/no\/wp-json\/wp\/v2\/pages\/6183\/revisions"}],"wp:attachment":[{"href":"https:\/\/profitbase.com\/no\/wp-json\/wp\/v2\/media?parent=6183"}],"curies":[{"name":"wp","href":"https:\/\/api.w.org\/{rel}","templated":true}]}}